{"id":43,"date":"2016-08-19T15:05:56","date_gmt":"2016-08-19T15:05:56","guid":{"rendered":"https:\/\/xnmaisi.cluster023.hosting.ovh.net\/?page_id=43"},"modified":"2026-04-23T16:25:19","modified_gmt":"2026-04-23T14:25:19","slug":"contacts","status":"publish","type":"page","link":"https:\/\/xn--maisonthamassage-gtb.com\/index.php\/contacts\/","title":{"rendered":"Contacts"},"content":{"rendered":"<div class=\"wpb-content-wrapper\"><p>[vc_row full_width=\u00a0\u00bbstretch_row\u00a0\u00bb inverse=\u00a0\u00bb\u00a0\u00bb css=\u00a0\u00bb.vc_custom_1472978178280{background-image: url(https:\/\/xnmaisi.cluster023.hosting.ovh.net\/wp-content\/uploads\/2016\/08\/background-5.jpg?id=207) !important;}\u00a0\u00bb][vc_column]<div class=\"columns_wrap sc_columns columns_nofluid sc_columns_count_3 margin_top_huge margin_bottom_huge\"><div class=\"column-1_3 sc_column_item sc_column_item_1 odd first\" style=\"text-align:center;\"><div class=\"sc_section section_style_promo_section\" style=\"background-image:url(https:\/\/xn--maisonthamassage-gtb.com\/wp-content\/uploads\/2016\/08\/parallax_3-scaled.jpg);background-repeat:no-repeat;background-size:cover;\"><div class=\"sc_section_inner\"><div class=\"sc_section_overlay\" style=\"\"><div class=\"sc_section_content padding_on\" style=\"\"><h3 class=\"sc_section_title sc_item_title sc_item_title_without_descr\">Adresse<\/h3><div class=\"sc_section_descr sc_item_descr\">22 Rue de Meyrin, Ferney-Voltaire<\/div><div class=\"sc_section_content_wrap\"><\/div><\/div><\/div><\/div><\/div><\/div><div class=\"column-1_3 sc_column_item sc_column_item_2 even\" style=\"text-align:center;\"><div class=\"sc_section section_style_promo_section\" style=\"background-image:url(https:\/\/xn--maisonthamassage-gtb.com\/wp-content\/uploads\/2016\/08\/parallax_1-scaled.jpg);background-repeat:no-repeat;background-size:cover;\"><div class=\"sc_section_inner\"><div class=\"sc_section_overlay\" style=\"\"><div class=\"sc_section_content padding_on\" style=\"\"><h3 class=\"sc_section_title sc_item_title sc_item_title_without_descr\">T\u00e9l\u00e9phone<\/h3><div class=\"sc_section_content_wrap\">[vc_column_text el_class=\u00a0\u00bbsc_item_descr\u00a0\u00bb]<a href=\"tel:0422 91 69 25\" target=\"_blank\" rel=\"noopener\">0422 91 69 25<\/a>[\/vc_column_text]<\/div><\/div><\/div><\/div><\/div>[vc_column_text][\/vc_column_text]<\/div><div class=\"column-1_3 sc_column_item sc_column_item_3 odd\" style=\"text-align:center;\"><div class=\"sc_section section_style_promo_section\" style=\"background-image:url(https:\/\/xn--maisonthamassage-gtb.com\/wp-content\/uploads\/2016\/08\/bg-1.jpg);background-repeat:no-repeat;background-size:cover;\"><div class=\"sc_section_inner\"><div class=\"sc_section_overlay\" style=\"\"><div class=\"sc_section_content padding_on\" style=\"\"><h3 class=\"sc_section_title sc_item_title sc_item_title_without_descr\">Mail<\/h3><div class=\"sc_section_content_wrap\">[vc_column_text el_class=\u00a0\u00bbsc_item_descr\u00a0\u00bb]<a href=\"mailto:info@yoursite.com\">info22maisonthai@gmail.com<\/a>[\/vc_column_text]<\/div><\/div><\/div><\/div><\/div><\/div><\/div>[\/vc_column][\/vc_row][vc_row][vc_column][vc_empty_space height=\u00a0\u00bb2.5em\u00a0\u00bb]<h6 class=\"sc_title sc_title_iconed sc_align_center margin_bottom_null\" style=\"text-align:center;\"><span class=\"sc_title_icon sc_title_icon_top  sc_title_icon_small\"><img decoding=\"async\" src=\"https:\/\/xn--maisonthamassage-gtb.com\/wp-content\/uploads\/2018\/11\/img-massage.png\" alt=\"\" \/><\/span>Avez-vous une question?<\/h6>\n<div class=\"wpcf7 no-js\" id=\"wpcf7-f635-o1\" lang=\"en-US\" dir=\"ltr\" data-wpcf7-id=\"635\">\n<div class=\"screen-reader-response\"><p role=\"status\" aria-live=\"polite\" aria-atomic=\"true\"><\/p> <ul><\/ul><\/div>\n<form action=\"\/index.php\/wp-json\/wp\/v2\/pages\/43#wpcf7-f635-o1\" method=\"post\" class=\"wpcf7-form init\" aria-label=\"Contact form\" novalidate=\"novalidate\" data-status=\"init\">\n<fieldset class=\"hidden-fields-container\"><input type=\"hidden\" name=\"_wpcf7\" value=\"635\" \/><input type=\"hidden\" name=\"_wpcf7_version\" value=\"6.1.5\" \/><input type=\"hidden\" name=\"_wpcf7_locale\" value=\"en_US\" \/><input type=\"hidden\" name=\"_wpcf7_unit_tag\" value=\"wpcf7-f635-o1\" \/><input type=\"hidden\" name=\"_wpcf7_container_post\" value=\"0\" \/><input type=\"hidden\" name=\"_wpcf7_posted_data_hash\" value=\"\" \/>\n<\/fieldset>\n<p><span class=\"wpcf7-form-control-wrap\" data-name=\"text-564\"><input size=\"40\" maxlength=\"400\" class=\"wpcf7-form-control wpcf7-text wpcf7-validates-as-required\" aria-required=\"true\" aria-invalid=\"false\" placeholder=\"Nom*\" value=\"\" type=\"text\" name=\"text-564\" \/><\/span><br \/>\n<span class=\"wpcf7-form-control-wrap\" data-name=\"email-931\"><input size=\"40\" maxlength=\"400\" class=\"wpcf7-form-control wpcf7-email wpcf7-validates-as-required wpcf7-text wpcf7-validates-as-email\" aria-required=\"true\" aria-invalid=\"false\" placeholder=\"E-mail*\" value=\"\" type=\"email\" name=\"email-931\" \/><\/span><br \/>\n<span class=\"wpcf7-form-control-wrap\" data-name=\"textarea-481\"><textarea cols=\"40\" rows=\"10\" maxlength=\"2000\" class=\"wpcf7-form-control wpcf7-textarea wpcf7-validates-as-required\" aria-required=\"true\" aria-invalid=\"false\" placeholder=\"Message\" name=\"textarea-481\"><\/textarea><\/span><br \/>\n<span class=\"wpcf7-form-control-wrap\" data-name=\"acceptance-759\"><span class=\"wpcf7-form-control wpcf7-acceptance\"><span class=\"wpcf7-list-item\"><label><input type=\"checkbox\" name=\"acceptance-759\" value=\"1\" aria-invalid=\"false\" \/><span class=\"wpcf7-list-item-label\">J'accepte que mes donn\u00e9es soumises soient collect\u00e9es et stock\u00e9es.<\/span><\/label><\/span><\/span><\/span><br \/>\n<input class=\"wpcf7-form-control wpcf7-submit has-spinner\" type=\"submit\" value=\"Envoyer\" \/>\n<\/p><div class=\"wpcf7-response-output\" aria-hidden=\"true\"><\/div>\n<\/form>\n<\/div>\n[vc_empty_space height=\u00a0\u00bb6em\u00a0\u00bb][\/vc_column][\/vc_row]<\/p>\n<\/div>","protected":false},"excerpt":{"rendered":"<p>[vc_row full_width=\u00a0\u00bbstretch_row\u00a0\u00bb inverse=\u00a0\u00bb\u00a0\u00bb css=\u00a0\u00bb.vc_custom_1472978178280{background-image: url(https:\/\/xnmaisi.cluster023.hosting.ovh.net\/wp-content\/uploads\/2016\/08\/background-5.jpg?id=207) !important;}\u00a0\u00bb][vc_column][\/vc_column][\/vc_row][vc_row][vc_column][vc_empty_space height=\u00a0\u00bb2.5em\u00a0\u00bb][vc_empty_space height=\u00a0\u00bb6em\u00a0\u00bb][\/vc_column][\/vc_row]<\/p>\n","protected":false},"author":1,"featured_media":0,"parent":0,"menu_order":0,"comment_status":"closed","ping_status":"closed","template":"","meta":{"footnotes":""},"class_list":["post-43","page","type-page","status-publish","hentry"],"jetpack_sharing_enabled":true,"_links":{"self":[{"href":"https:\/\/xn--maisonthamassage-gtb.com\/index.php\/wp-json\/wp\/v2\/pages\/43","targetHints":{"allow":["GET"]}}],"collection":[{"href":"https:\/\/xn--maisonthamassage-gtb.com\/index.php\/wp-json\/wp\/v2\/pages"}],"about":[{"href":"https:\/\/xn--maisonthamassage-gtb.com\/index.php\/wp-json\/wp\/v2\/types\/page"}],"author":[{"embeddable":true,"href":"https:\/\/xn--maisonthamassage-gtb.com\/index.php\/wp-json\/wp\/v2\/users\/1"}],"replies":[{"embeddable":true,"href":"https:\/\/xn--maisonthamassage-gtb.com\/index.php\/wp-json\/wp\/v2\/comments?post=43"}],"version-history":[{"count":7,"href":"https:\/\/xn--maisonthamassage-gtb.com\/index.php\/wp-json\/wp\/v2\/pages\/43\/revisions"}],"predecessor-version":[{"id":1089,"href":"https:\/\/xn--maisonthamassage-gtb.com\/index.php\/wp-json\/wp\/v2\/pages\/43\/revisions\/1089"}],"wp:attachment":[{"href":"https:\/\/xn--maisonthamassage-gtb.com\/index.php\/wp-json\/wp\/v2\/media?parent=43"}],"curies":[{"name":"wp","href":"https:\/\/api.w.org\/{rel}","templated":true}]}}