{"id":37,"date":"2016-08-19T15:04:56","date_gmt":"2016-08-19T15:04:56","guid":{"rendered":"https:\/\/xnmaisi.cluster023.hosting.ovh.net\/?page_id=37"},"modified":"2024-07-17T17:44:32","modified_gmt":"2024-07-17T15:44:32","slug":"home-1","status":"publish","type":"page","link":"https:\/\/xn--maisonthamassage-gtb.com\/","title":{"rendered":"Accueil"},"content":{"rendered":"<div class=\"wpb-content-wrapper\"><p>[vc_row full_width=\u00a0\u00bbstretch_row\u00a0\u00bb inverse=\u00a0\u00bb\u00a0\u00bb css=\u00a0\u00bb.vc_custom_1472481984982{background-image: url(https:\/\/xnmaisi.cluster023.hosting.ovh.net\/wp-content\/uploads\/2016\/08\/background-6.jpg?id=219) !important;background-position: center !important;background-repeat: no-repeat !important;background-size: cover !important;}\u00a0\u00bb][vc_column css=\u00a0\u00bb.vc_custom_1472481964183{margin-bottom: 0.9rem !important;}\u00a0\u00bb]<div id=\"sc_services_1735785348_wrap\" class=\"sc_services_wrap\"><div id=\"sc_services_1735785348\" class=\"sc_services sc_services_style_services-1 sc_services_type_images  margin_top_medium margin_bottom_large\" style=\"width:100%;\" data-animation=\"animated fadeInUp normal\"><div class=\"sc_columns columns_wrap\"><div class=\"column-1_2 column_padding_bottom\">\t\t\t<div id=\"sc_services_1735785348_1\"\t\t\t\tclass=\"sc_services_item sc_services_item_1 odd first\"\n\t\t\t\t>\n\t\t\t\t\t\t\t\t\t<div class=\"sc_services_item_featured post_featured\">\n\t\t\t\t\t\t\t<div class=\"post_thumb\" data-image=\"https:\/\/xn--maisonthamassage-gtb.com\/wp-content\/uploads\/2024\/06\/190690855-massage-et-traitement-spa-relaxant-du-syndrome-de-bureau-de-style-massage-thai-traditionnel-asain.jpg\" data-title=\"Tha\u00ef massage traditionnel\">\n\t<a class=\"hover_icon hover_icon_link\" href=\"https:\/\/xn--maisonthamassage-gtb.com\/index.php\/services\/thai-massage-traditionnel\/\"><img fetchpriority=\"high\" decoding=\"async\" class=\"wp-post-image\" width=\"370\" height=\"245\" alt=\"Tha\u00ef massage traditionnel\" src=\"https:\/\/xn--maisonthamassage-gtb.com\/wp-content\/uploads\/2024\/06\/190690855-massage-et-traitement-spa-relaxant-du-syndrome-de-bureau-de-style-massage-thai-traditionnel-asain-370x245.jpg\"><\/a>\t<\/div>\n\t\t\t\t\t\t<\/div>\n\t\t\t\t\t\t\t\t\t<div class=\"sc_services_item_content\">\n\t\t\t\t\t<h4 class=\"sc_services_item_title\"><a href=\"https:\/\/xn--maisonthamassage-gtb.com\/index.php\/services\/thai-massage-traditionnel\/\">Tha\u00ef massage traditionnel<\/a><\/h4>\n\t\t\t\t\t<div class=\"sc_services_item_description\">\n\t\t\t\t\t\t<p><p>Massage plus des techniques pratiqu\u00e9es des pressions avec les pouces, la paume de main, le genou Et le coudre sur les lignes d\u2019\u00e9nergie (sen pra than sib) pour d\u00e9tendre les muscles et les tendons<br \/>\n45 mn \u00a0   =>\u00a0 \u00a0 65\u20ac<br \/>\n60 mn \u00a0   =>\u00a0 \u00a0 85\u20ac<br \/>\n90 mn \u00a0   => \u00a0 125\u20ac<br \/>\n120 mn   =>\u00a0 \u00a0 155\u20ac<\/p><\/p>\t\t\t\t\t<\/div>\n\t\t\t\t<\/div>\n\t\t\t<\/div>\n\t\t<\/div><div class=\"column-1_2 column_padding_bottom\">\t\t\t<div id=\"sc_services_1735785348_2\"\t\t\t\tclass=\"sc_services_item sc_services_item_2 even\"\n\t\t\t\t>\n\t\t\t\t\t\t\t\t\t<div class=\"sc_services_item_featured post_featured\">\n\t\t\t\t\t\t\t<div class=\"post_thumb\" data-image=\"https:\/\/xn--maisonthamassage-gtb.com\/wp-content\/uploads\/2024\/06\/istockphoto-481032381-612x612-1.jpg\" data-title=\"Tha\u00ef Massage des pieds \/ jambes\">\n\t<a class=\"hover_icon hover_icon_link\" href=\"https:\/\/xn--maisonthamassage-gtb.com\/index.php\/services\/thai-massage-des-pieds-jambes\/\"><img decoding=\"async\" class=\"wp-post-image\" width=\"370\" height=\"245\" alt=\"Tha\u00ef Massage des pieds \/ jambes\" src=\"https:\/\/xn--maisonthamassage-gtb.com\/wp-content\/uploads\/2024\/06\/istockphoto-481032381-612x612-1-370x245.jpg\"><\/a>\t<\/div>\n\t\t\t\t\t\t<\/div>\n\t\t\t\t\t\t\t\t\t<div class=\"sc_services_item_content\">\n\t\t\t\t\t<h4 class=\"sc_services_item_title\"><a href=\"https:\/\/xn--maisonthamassage-gtb.com\/index.php\/services\/thai-massage-des-pieds-jambes\/\">Tha\u00ef Massage des pieds \/ jambes<\/a><\/h4>\n\t\t\t\t\t<div class=\"sc_services_item_description\">\n\t\t\t\t\t\t<p><p>Massage pour assouplir et d\u00e9tendre les muscles, les articulations les tendons du pied pour un meilleur mouvement du pied et aider \u00e0 dormir plus facilement<br \/>\n30 mn  =>  50\u20ac<br \/>\n45 mn  =>  65\u20ac<\/p><\/p>\t\t\t\t\t<\/div>\n\t\t\t\t<\/div>\n\t\t\t<\/div>\n\t\t<\/div><div class=\"column-1_2 column_padding_bottom\">\t\t\t<div id=\"sc_services_1735785348_3\"\t\t\t\tclass=\"sc_services_item sc_services_item_3 odd\"\n\t\t\t\t>\n\t\t\t\t\t\t\t\t\t<div class=\"sc_services_item_featured post_featured\">\n\t\t\t\t\t\t\t<div class=\"post_thumb\" data-image=\"https:\/\/xn--maisonthamassage-gtb.com\/wp-content\/uploads\/2024\/06\/photo-1544161515-4ab6ce6db874-scaled.webp\" data-title=\"Tha\u00ef Massage du dos \/ \u00e9paules\">\n\t<a class=\"hover_icon hover_icon_link\" href=\"https:\/\/xn--maisonthamassage-gtb.com\/index.php\/services\/massage\/\"><img decoding=\"async\" class=\"wp-post-image\" width=\"370\" height=\"245\" alt=\"Tha\u00ef Massage du dos \/ \u00e9paules\" src=\"https:\/\/xn--maisonthamassage-gtb.com\/wp-content\/uploads\/2024\/06\/photo-1544161515-4ab6ce6db874-scaled-370x245.webp\"><\/a>\t<\/div>\n\t\t\t\t\t\t<\/div>\n\t\t\t\t\t\t\t\t\t<div class=\"sc_services_item_content\">\n\t\t\t\t\t<h4 class=\"sc_services_item_title\"><a href=\"https:\/\/xn--maisonthamassage-gtb.com\/index.php\/services\/massage\/\">Tha\u00ef Massage du dos \/ \u00e9paules<\/a><\/h4>\n\t\t\t\t\t<div class=\"sc_services_item_description\">\n\t\t\t\t\t\t<p><p>Massage pour soulager les douleurs bas du dos, dos, des \u00e9paules et de la nuque.<br \/>\n30 mn   =>   50\u20ac<br \/>\n45 mn   =>   65\u20ac<br \/>\n60 mn   =>   85\u20ac<\/p><\/p>\t\t\t\t\t<\/div>\n\t\t\t\t<\/div>\n\t\t\t<\/div>\n\t\t<\/div><div class=\"column-1_2 column_padding_bottom\">\t\t\t<div id=\"sc_services_1735785348_4\"\t\t\t\tclass=\"sc_services_item sc_services_item_4 even\"\n\t\t\t\t>\n\t\t\t\t\t\t\t\t\t<div class=\"sc_services_item_featured post_featured\">\n\t\t\t\t\t\t\t<div class=\"post_thumb\" data-image=\"https:\/\/xn--maisonthamassage-gtb.com\/wp-content\/uploads\/revslider\/massage_slider-2\/21-e1721228918575.jpg\" data-title=\"Tha\u00ef Massage avec huile\">\n\t<a class=\"hover_icon hover_icon_link\" href=\"https:\/\/xn--maisonthamassage-gtb.com\/index.php\/services\/chiropractic\/\"><img loading=\"lazy\" decoding=\"async\" class=\"wp-post-image\" width=\"370\" height=\"245\" alt=\"Tha\u00ef Massage avec huile\" src=\"https:\/\/xn--maisonthamassage-gtb.com\/wp-content\/uploads\/revslider\/massage_slider-2\/21-e1721228918575-370x245.jpg\"><\/a>\t<\/div>\n\t\t\t\t\t\t<\/div>\n\t\t\t\t\t\t\t\t\t<div class=\"sc_services_item_content\">\n\t\t\t\t\t<h4 class=\"sc_services_item_title\"><a href=\"https:\/\/xn--maisonthamassage-gtb.com\/index.php\/services\/chiropractic\/\">Tha\u00ef Massage avec huile<\/a><\/h4>\n\t\t\t\t\t<div class=\"sc_services_item_description\">\n\t\t\t\t\t\t<p><p>Une invitation \u00e0 la d\u00e9tente et \u00e0 la relaxation totale. Il peut se d\u00e9crire comme relaxant mais n\u00e9anmoins tonique.<br \/>\n45 mn     =>   65\u20ac<br \/>\n60 mn     =>     85\u20ac<br \/>\n90 mn     =>   125\u20ac<br \/>\n120 mn    =>    155\u20ac<\/p><\/p>\t\t\t\t\t<\/div>\n\t\t\t\t<\/div>\n\t\t\t<\/div>\n\t\t<\/div><\/div><\/div><!-- \/.sc_services --><\/div><!-- \/.sc_services_wrap -->[\/vc_column][\/vc_row]<\/p>\n<\/div>","protected":false},"excerpt":{"rendered":"<p>[vc_row full_width=\u00a0\u00bbstretch_row\u00a0\u00bb inverse=\u00a0\u00bb\u00a0\u00bb css=\u00a0\u00bb.vc_custom_1472481984982{background-image: url(https:\/\/xnmaisi.cluster023.hosting.ovh.net\/wp-content\/uploads\/2016\/08\/background-6.jpg?id=219) !important;background-position: center !important;background-repeat: no-repeat !important;background-size: cover !important;}\u00a0\u00bb][vc_column css=\u00a0\u00bb.vc_custom_1472481964183{margin-bottom: 0.9rem !important;}\u00a0\u00bb][\/vc_column][\/vc_row]<\/p>\n","protected":false},"author":1,"featured_media":0,"parent":0,"menu_order":0,"comment_status":"closed","ping_status":"closed","template":"","meta":{"footnotes":""},"class_list":["post-37","page","type-page","status-publish","hentry"],"jetpack_sharing_enabled":true,"_links":{"self":[{"href":"https:\/\/xn--maisonthamassage-gtb.com\/index.php\/wp-json\/wp\/v2\/pages\/37","targetHints":{"allow":["GET"]}}],"collection":[{"href":"https:\/\/xn--maisonthamassage-gtb.com\/index.php\/wp-json\/wp\/v2\/pages"}],"about":[{"href":"https:\/\/xn--maisonthamassage-gtb.com\/index.php\/wp-json\/wp\/v2\/types\/page"}],"author":[{"embeddable":true,"href":"https:\/\/xn--maisonthamassage-gtb.com\/index.php\/wp-json\/wp\/v2\/users\/1"}],"replies":[{"embeddable":true,"href":"https:\/\/xn--maisonthamassage-gtb.com\/index.php\/wp-json\/wp\/v2\/comments?post=37"}],"version-history":[{"count":16,"href":"https:\/\/xn--maisonthamassage-gtb.com\/index.php\/wp-json\/wp\/v2\/pages\/37\/revisions"}],"predecessor-version":[{"id":1005,"href":"https:\/\/xn--maisonthamassage-gtb.com\/index.php\/wp-json\/wp\/v2\/pages\/37\/revisions\/1005"}],"wp:attachment":[{"href":"https:\/\/xn--maisonthamassage-gtb.com\/index.php\/wp-json\/wp\/v2\/media?parent=37"}],"curies":[{"name":"wp","href":"https:\/\/api.w.org\/{rel}","templated":true}]}}